{"id":737,"date":"2024-02-25T10:07:39","date_gmt":"2024-02-25T09:07:39","guid":{"rendered":"https:\/\/gites.vallee-munster.alsace\/?page_id=737"},"modified":"2024-02-25T10:10:55","modified_gmt":"2024-02-25T09:10:55","slug":"les-marche-de-noel","status":"publish","type":"page","link":"https:\/\/gites.vallee-munster.alsace\/index.php\/les-marche-de-noel\/","title":{"rendered":"Les March\u00e9 de No\u00ebl"},"content":{"rendered":"","protected":false},"excerpt":{"rendered":"","protected":false},"author":1,"featured_media":738,"parent":0,"menu_order":0,"comment_status":"closed","ping_status":"closed","template":"","meta":{"footnotes":""},"class_list":["post-737","page","type-page","status-publish","has-post-thumbnail","hentry"],"yoast_head":"<!-- This site is optimized with the Yoast SEO plugin v27.0 - https:\/\/yoast.com\/product\/yoast-seo-wordpress\/ -->\n<title>Les March\u00e9 de No\u00ebl - Gite de la Vall\u00e9e de Munster<\/title>\n<meta name=\"robots\" content=\"index, follow, max-snippet:-1, max-image-preview:large, max-video-preview:-1\" \/>\n<link rel=\"canonical\" href=\"https:\/\/gites.vallee-munster.alsace\/index.php\/les-marche-de-noel\/\" \/>\n<meta property=\"og:locale\" content=\"fr_FR\" \/>\n<meta property=\"og:type\" content=\"article\" \/>\n<meta property=\"og:title\" content=\"Les March\u00e9 de No\u00ebl - Gite de la Vall\u00e9e de Munster\" \/>\n<meta property=\"og:url\" content=\"https:\/\/gites.vallee-munster.alsace\/index.php\/les-marche-de-noel\/\" \/>\n<meta property=\"og:site_name\" content=\"Gite de la Vall\u00e9e de Munster\" \/>\n<meta property=\"article:modified_time\" content=\"2024-02-25T09:10:55+00:00\" \/>\n<meta property=\"og:image\" content=\"https:\/\/gites.vallee-munster.alsace\/wp-content\/uploads\/2024\/02\/noel1.jpg\" \/>\n\t<meta property=\"og:image:width\" content=\"1600\" \/>\n\t<meta property=\"og:image:height\" content=\"900\" \/>\n\t<meta property=\"og:image:type\" content=\"image\/jpeg\" \/>\n<meta name=\"twitter:card\" content=\"summary_large_image\" \/>\n<script type=\"application\/ld+json\" class=\"yoast-schema-graph\">{\"@context\":\"https:\/\/schema.org\",\"@graph\":[{\"@type\":\"WebPage\",\"@id\":\"https:\/\/gites.vallee-munster.alsace\/index.php\/les-marche-de-noel\/\",\"url\":\"https:\/\/gites.vallee-munster.alsace\/index.php\/les-marche-de-noel\/\",\"name\":\"Les March\u00e9 de No\u00ebl - Gite de la Vall\u00e9e de Munster\",\"isPartOf\":{\"@id\":\"https:\/\/gites.vallee-munster.alsace\/#website\"},\"primaryImageOfPage\":{\"@id\":\"https:\/\/gites.vallee-munster.alsace\/index.php\/les-marche-de-noel\/#primaryimage\"},\"image\":{\"@id\":\"https:\/\/gites.vallee-munster.alsace\/index.php\/les-marche-de-noel\/#primaryimage\"},\"thumbnailUrl\":\"https:\/\/gites.vallee-munster.alsace\/wp-content\/uploads\/2024\/02\/noel1.jpg\",\"datePublished\":\"2024-02-25T09:07:39+00:00\",\"dateModified\":\"2024-02-25T09:10:55+00:00\",\"breadcrumb\":{\"@id\":\"https:\/\/gites.vallee-munster.alsace\/index.php\/les-marche-de-noel\/#breadcrumb\"},\"inLanguage\":\"fr-FR\",\"potentialAction\":[{\"@type\":\"ReadAction\",\"target\":[\"https:\/\/gites.vallee-munster.alsace\/index.php\/les-marche-de-noel\/\"]}]},{\"@type\":\"ImageObject\",\"inLanguage\":\"fr-FR\",\"@id\":\"https:\/\/gites.vallee-munster.alsace\/index.php\/les-marche-de-noel\/#primaryimage\",\"url\":\"https:\/\/gites.vallee-munster.alsace\/wp-content\/uploads\/2024\/02\/noel1.jpg\",\"contentUrl\":\"https:\/\/gites.vallee-munster.alsace\/wp-content\/uploads\/2024\/02\/noel1.jpg\",\"width\":1600,\"height\":900},{\"@type\":\"BreadcrumbList\",\"@id\":\"https:\/\/gites.vallee-munster.alsace\/index.php\/les-marche-de-noel\/#breadcrumb\",\"itemListElement\":[{\"@type\":\"ListItem\",\"position\":1,\"name\":\"Accueil\",\"item\":\"https:\/\/gites.vallee-munster.alsace\/\"},{\"@type\":\"ListItem\",\"position\":2,\"name\":\"Les March\u00e9 de No\u00ebl\"}]},{\"@type\":\"WebSite\",\"@id\":\"https:\/\/gites.vallee-munster.alsace\/#website\",\"url\":\"https:\/\/gites.vallee-munster.alsace\/\",\"name\":\"Gite de la Vall\u00e9e de Munster\",\"description\":\"Votre chez-soi loin de chez vous\",\"publisher\":{\"@id\":\"https:\/\/gites.vallee-munster.alsace\/#organization\"},\"potentialAction\":[{\"@type\":\"SearchAction\",\"target\":{\"@type\":\"EntryPoint\",\"urlTemplate\":\"https:\/\/gites.vallee-munster.alsace\/?s={search_term_string}\"},\"query-input\":{\"@type\":\"PropertyValueSpecification\",\"valueRequired\":true,\"valueName\":\"search_term_string\"}}],\"inLanguage\":\"fr-FR\"},{\"@type\":\"Organization\",\"@id\":\"https:\/\/gites.vallee-munster.alsace\/#organization\",\"name\":\"Gite de la Vall\u00e9e de Munster\",\"url\":\"https:\/\/gites.vallee-munster.alsace\/\",\"logo\":{\"@type\":\"ImageObject\",\"inLanguage\":\"fr-FR\",\"@id\":\"https:\/\/gites.vallee-munster.alsace\/#\/schema\/logo\/image\/\",\"url\":\"https:\/\/gites.vallee-munster.alsace\/wp-content\/uploads\/2024\/02\/LOGO-GITE.png\",\"contentUrl\":\"https:\/\/gites.vallee-munster.alsace\/wp-content\/uploads\/2024\/02\/LOGO-GITE.png\",\"width\":160,\"height\":90,\"caption\":\"Gite de la Vall\u00e9e de Munster\"},\"image\":{\"@id\":\"https:\/\/gites.vallee-munster.alsace\/#\/schema\/logo\/image\/\"}}]}<\/script>\n<!-- \/ Yoast SEO plugin. -->","yoast_head_json":{"title":"Les March\u00e9 de No\u00ebl - Gite de la Vall\u00e9e de Munster","robots":{"index":"index","follow":"follow","max-snippet":"max-snippet:-1","max-image-preview":"max-image-preview:large","max-video-preview":"max-video-preview:-1"},"canonical":"https:\/\/gites.vallee-munster.alsace\/index.php\/les-marche-de-noel\/","og_locale":"fr_FR","og_type":"article","og_title":"Les March\u00e9 de No\u00ebl - Gite de la Vall\u00e9e de Munster","og_url":"https:\/\/gites.vallee-munster.alsace\/index.php\/les-marche-de-noel\/","og_site_name":"Gite de la Vall\u00e9e de Munster","article_modified_time":"2024-02-25T09:10:55+00:00","og_image":[{"width":1600,"height":900,"url":"https:\/\/gites.vallee-munster.alsace\/wp-content\/uploads\/2024\/02\/noel1.jpg","type":"image\/jpeg"}],"twitter_card":"summary_large_image","schema":{"@context":"https:\/\/schema.org","@graph":[{"@type":"WebPage","@id":"https:\/\/gites.vallee-munster.alsace\/index.php\/les-marche-de-noel\/","url":"https:\/\/gites.vallee-munster.alsace\/index.php\/les-marche-de-noel\/","name":"Les March\u00e9 de No\u00ebl - Gite de la Vall\u00e9e de Munster","isPartOf":{"@id":"https:\/\/gites.vallee-munster.alsace\/#website"},"primaryImageOfPage":{"@id":"https:\/\/gites.vallee-munster.alsace\/index.php\/les-marche-de-noel\/#primaryimage"},"image":{"@id":"https:\/\/gites.vallee-munster.alsace\/index.php\/les-marche-de-noel\/#primaryimage"},"thumbnailUrl":"https:\/\/gites.vallee-munster.alsace\/wp-content\/uploads\/2024\/02\/noel1.jpg","datePublished":"2024-02-25T09:07:39+00:00","dateModified":"2024-02-25T09:10:55+00:00","breadcrumb":{"@id":"https:\/\/gites.vallee-munster.alsace\/index.php\/les-marche-de-noel\/#breadcrumb"},"inLanguage":"fr-FR","potentialAction":[{"@type":"ReadAction","target":["https:\/\/gites.vallee-munster.alsace\/index.php\/les-marche-de-noel\/"]}]},{"@type":"ImageObject","inLanguage":"fr-FR","@id":"https:\/\/gites.vallee-munster.alsace\/index.php\/les-marche-de-noel\/#primaryimage","url":"https:\/\/gites.vallee-munster.alsace\/wp-content\/uploads\/2024\/02\/noel1.jpg","contentUrl":"https:\/\/gites.vallee-munster.alsace\/wp-content\/uploads\/2024\/02\/noel1.jpg","width":1600,"height":900},{"@type":"BreadcrumbList","@id":"https:\/\/gites.vallee-munster.alsace\/index.php\/les-marche-de-noel\/#breadcrumb","itemListElement":[{"@type":"ListItem","position":1,"name":"Accueil","item":"https:\/\/gites.vallee-munster.alsace\/"},{"@type":"ListItem","position":2,"name":"Les March\u00e9 de No\u00ebl"}]},{"@type":"WebSite","@id":"https:\/\/gites.vallee-munster.alsace\/#website","url":"https:\/\/gites.vallee-munster.alsace\/","name":"Gite de la Vall\u00e9e de Munster","description":"Votre chez-soi loin de chez vous","publisher":{"@id":"https:\/\/gites.vallee-munster.alsace\/#organization"},"potentialAction":[{"@type":"SearchAction","target":{"@type":"EntryPoint","urlTemplate":"https:\/\/gites.vallee-munster.alsace\/?s={search_term_string}"},"query-input":{"@type":"PropertyValueSpecification","valueRequired":true,"valueName":"search_term_string"}}],"inLanguage":"fr-FR"},{"@type":"Organization","@id":"https:\/\/gites.vallee-munster.alsace\/#organization","name":"Gite de la Vall\u00e9e de Munster","url":"https:\/\/gites.vallee-munster.alsace\/","logo":{"@type":"ImageObject","inLanguage":"fr-FR","@id":"https:\/\/gites.vallee-munster.alsace\/#\/schema\/logo\/image\/","url":"https:\/\/gites.vallee-munster.alsace\/wp-content\/uploads\/2024\/02\/LOGO-GITE.png","contentUrl":"https:\/\/gites.vallee-munster.alsace\/wp-content\/uploads\/2024\/02\/LOGO-GITE.png","width":160,"height":90,"caption":"Gite de la Vall\u00e9e de Munster"},"image":{"@id":"https:\/\/gites.vallee-munster.alsace\/#\/schema\/logo\/image\/"}}]}},"_links":{"self":[{"href":"https:\/\/gites.vallee-munster.alsace\/index.php\/wp-json\/wp\/v2\/pages\/737","targetHints":{"allow":["GET"]}}],"collection":[{"href":"https:\/\/gites.vallee-munster.alsace\/index.php\/wp-json\/wp\/v2\/pages"}],"about":[{"href":"https:\/\/gites.vallee-munster.alsace\/index.php\/wp-json\/wp\/v2\/types\/page"}],"author":[{"embeddable":true,"href":"https:\/\/gites.vallee-munster.alsace\/index.php\/wp-json\/wp\/v2\/users\/1"}],"replies":[{"embeddable":true,"href":"https:\/\/gites.vallee-munster.alsace\/index.php\/wp-json\/wp\/v2\/comments?post=737"}],"version-history":[{"count":1,"href":"https:\/\/gites.vallee-munster.alsace\/index.php\/wp-json\/wp\/v2\/pages\/737\/revisions"}],"predecessor-version":[{"id":739,"href":"https:\/\/gites.vallee-munster.alsace\/index.php\/wp-json\/wp\/v2\/pages\/737\/revisions\/739"}],"wp:featuredmedia":[{"embeddable":true,"href":"https:\/\/gites.vallee-munster.alsace\/index.php\/wp-json\/wp\/v2\/media\/738"}],"wp:attachment":[{"href":"https:\/\/gites.vallee-munster.alsace\/index.php\/wp-json\/wp\/v2\/media?parent=737"}],"curies":[{"name":"wp","href":"https:\/\/api.w.org\/{rel}","templated":true}]}}