{"id":206,"date":"2024-02-17T17:50:45","date_gmt":"2024-02-17T17:50:45","guid":{"rendered":"https:\/\/gites.vallee-munster.alsace\/?page_id=206"},"modified":"2024-02-24T17:47:08","modified_gmt":"2024-02-24T16:47:08","slug":"location-2","status":"publish","type":"page","link":"https:\/\/gites.vallee-munster.alsace\/index.php\/location-2\/","title":{"rendered":"Mulhbach sur Munster"},"content":{"rendered":"","protected":false},"excerpt":{"rendered":"<p>Le village de Muhlbach est tr\u00e8s propre. Il renferme de jolies maisons, surtout dans le groupe central qui s&rsquo;est form\u00e9 autour de l&rsquo;\u00e9glise.<\/p>\n<p>Les environs du village, qui offre l&rsquo;aspect d&rsquo;une petite ville, sont tr\u00e8s beaux et tr\u00e8s accident\u00e9s. On voit l\u00e0, comme \u00e0 Breitenbach ou Luttenbach, des montagnes couvertes de belles for\u00eats, des champs tr\u00e8s bien cultiv\u00e9s avec une masse d&rsquo;arbres fruitiers, de belles prairies et des maisons group\u00e9es sur les pentes et versants expos\u00e9s au midi\u00a0\u00bb.<\/p>\n","protected":false},"author":1,"featured_media":668,"parent":0,"menu_order":0,"comment_status":"open","ping_status":"open","template":"","meta":{"footnotes":""},"class_list":["post-206","page","type-page","status-publish","has-post-thumbnail","hentry"],"yoast_head":"<!-- This site is optimized with the Yoast SEO plugin v27.0 - https:\/\/yoast.com\/product\/yoast-seo-wordpress\/ -->\n<title>Mulhbach sur Munster - Gite de la Vall\u00e9e de Munster<\/title>\n<meta name=\"robots\" content=\"index, follow, max-snippet:-1, max-image-preview:large, max-video-preview:-1\" \/>\n<link rel=\"canonical\" href=\"https:\/\/gites.vallee-munster.alsace\/index.php\/location-2\/\" \/>\n<meta property=\"og:locale\" content=\"fr_FR\" \/>\n<meta property=\"og:type\" content=\"article\" \/>\n<meta property=\"og:title\" content=\"Mulhbach sur Munster - Gite de la Vall\u00e9e de Munster\" \/>\n<meta property=\"og:description\" content=\"Le village de Muhlbach est tr\u00e8s propre. Il renferme de jolies maisons, surtout dans le groupe central qui s&#039;est form\u00e9 autour de l&#039;\u00e9glise. Les environs du village, qui offre l&#039;aspect d&#039;une petite ville, sont tr\u00e8s beaux et tr\u00e8s accident\u00e9s. On voit l\u00e0, comme \u00e0 Breitenbach ou Luttenbach, des montagnes couvertes de belles for\u00eats, des champs tr\u00e8s bien cultiv\u00e9s avec une masse d&#039;arbres fruitiers, de belles prairies et des maisons group\u00e9es sur les pentes et versants expos\u00e9s au midi&quot;.\" \/>\n<meta property=\"og:url\" content=\"https:\/\/gites.vallee-munster.alsace\/index.php\/location-2\/\" \/>\n<meta property=\"og:site_name\" content=\"Gite de la Vall\u00e9e de Munster\" \/>\n<meta property=\"article:modified_time\" content=\"2024-02-24T16:47:08+00:00\" \/>\n<meta property=\"og:image\" content=\"https:\/\/gites.vallee-munster.alsace\/wp-content\/uploads\/2024\/02\/Muhlbach_-_Mairie.jpg\" \/>\n\t<meta property=\"og:image:width\" content=\"1786\" \/>\n\t<meta property=\"og:image:height\" content=\"1197\" \/>\n\t<meta property=\"og:image:type\" content=\"image\/jpeg\" \/>\n<meta name=\"twitter:card\" content=\"summary_large_image\" \/>\n<script type=\"application\/ld+json\" class=\"yoast-schema-graph\">{\"@context\":\"https:\/\/schema.org\",\"@graph\":[{\"@type\":\"WebPage\",\"@id\":\"https:\/\/gites.vallee-munster.alsace\/index.php\/location-2\/\",\"url\":\"https:\/\/gites.vallee-munster.alsace\/index.php\/location-2\/\",\"name\":\"Mulhbach sur Munster - Gite de la Vall\u00e9e de Munster\",\"isPartOf\":{\"@id\":\"https:\/\/gites.vallee-munster.alsace\/#website\"},\"primaryImageOfPage\":{\"@id\":\"https:\/\/gites.vallee-munster.alsace\/index.php\/location-2\/#primaryimage\"},\"image\":{\"@id\":\"https:\/\/gites.vallee-munster.alsace\/index.php\/location-2\/#primaryimage\"},\"thumbnailUrl\":\"https:\/\/gites.vallee-munster.alsace\/wp-content\/uploads\/2024\/02\/Muhlbach_-_Mairie.jpg\",\"datePublished\":\"2024-02-17T17:50:45+00:00\",\"dateModified\":\"2024-02-24T16:47:08+00:00\",\"breadcrumb\":{\"@id\":\"https:\/\/gites.vallee-munster.alsace\/index.php\/location-2\/#breadcrumb\"},\"inLanguage\":\"fr-FR\",\"potentialAction\":[{\"@type\":\"ReadAction\",\"target\":[\"https:\/\/gites.vallee-munster.alsace\/index.php\/location-2\/\"]}]},{\"@type\":\"ImageObject\",\"inLanguage\":\"fr-FR\",\"@id\":\"https:\/\/gites.vallee-munster.alsace\/index.php\/location-2\/#primaryimage\",\"url\":\"https:\/\/gites.vallee-munster.alsace\/wp-content\/uploads\/2024\/02\/Muhlbach_-_Mairie.jpg\",\"contentUrl\":\"https:\/\/gites.vallee-munster.alsace\/wp-content\/uploads\/2024\/02\/Muhlbach_-_Mairie.jpg\",\"width\":1786,\"height\":1197},{\"@type\":\"BreadcrumbList\",\"@id\":\"https:\/\/gites.vallee-munster.alsace\/index.php\/location-2\/#breadcrumb\",\"itemListElement\":[{\"@type\":\"ListItem\",\"position\":1,\"name\":\"Accueil\",\"item\":\"https:\/\/gites.vallee-munster.alsace\/\"},{\"@type\":\"ListItem\",\"position\":2,\"name\":\"Mulhbach sur Munster\"}]},{\"@type\":\"WebSite\",\"@id\":\"https:\/\/gites.vallee-munster.alsace\/#website\",\"url\":\"https:\/\/gites.vallee-munster.alsace\/\",\"name\":\"Gite de la Vall\u00e9e de Munster\",\"description\":\"Votre chez-soi loin de chez vous\",\"publisher\":{\"@id\":\"https:\/\/gites.vallee-munster.alsace\/#organization\"},\"potentialAction\":[{\"@type\":\"SearchAction\",\"target\":{\"@type\":\"EntryPoint\",\"urlTemplate\":\"https:\/\/gites.vallee-munster.alsace\/?s={search_term_string}\"},\"query-input\":{\"@type\":\"PropertyValueSpecification\",\"valueRequired\":true,\"valueName\":\"search_term_string\"}}],\"inLanguage\":\"fr-FR\"},{\"@type\":\"Organization\",\"@id\":\"https:\/\/gites.vallee-munster.alsace\/#organization\",\"name\":\"Gite de la Vall\u00e9e de Munster\",\"url\":\"https:\/\/gites.vallee-munster.alsace\/\",\"logo\":{\"@type\":\"ImageObject\",\"inLanguage\":\"fr-FR\",\"@id\":\"https:\/\/gites.vallee-munster.alsace\/#\/schema\/logo\/image\/\",\"url\":\"https:\/\/gites.vallee-munster.alsace\/wp-content\/uploads\/2024\/02\/LOGO-GITE.png\",\"contentUrl\":\"https:\/\/gites.vallee-munster.alsace\/wp-content\/uploads\/2024\/02\/LOGO-GITE.png\",\"width\":160,\"height\":90,\"caption\":\"Gite de la Vall\u00e9e de Munster\"},\"image\":{\"@id\":\"https:\/\/gites.vallee-munster.alsace\/#\/schema\/logo\/image\/\"}}]}<\/script>\n<!-- \/ Yoast SEO plugin. -->","yoast_head_json":{"title":"Mulhbach sur Munster - Gite de la Vall\u00e9e de Munster","robots":{"index":"index","follow":"follow","max-snippet":"max-snippet:-1","max-image-preview":"max-image-preview:large","max-video-preview":"max-video-preview:-1"},"canonical":"https:\/\/gites.vallee-munster.alsace\/index.php\/location-2\/","og_locale":"fr_FR","og_type":"article","og_title":"Mulhbach sur Munster - Gite de la Vall\u00e9e de Munster","og_description":"Le village de Muhlbach est tr\u00e8s propre. Il renferme de jolies maisons, surtout dans le groupe central qui s'est form\u00e9 autour de l'\u00e9glise. Les environs du village, qui offre l'aspect d'une petite ville, sont tr\u00e8s beaux et tr\u00e8s accident\u00e9s. On voit l\u00e0, comme \u00e0 Breitenbach ou Luttenbach, des montagnes couvertes de belles for\u00eats, des champs tr\u00e8s bien cultiv\u00e9s avec une masse d'arbres fruitiers, de belles prairies et des maisons group\u00e9es sur les pentes et versants expos\u00e9s au midi\".","og_url":"https:\/\/gites.vallee-munster.alsace\/index.php\/location-2\/","og_site_name":"Gite de la Vall\u00e9e de Munster","article_modified_time":"2024-02-24T16:47:08+00:00","og_image":[{"width":1786,"height":1197,"url":"https:\/\/gites.vallee-munster.alsace\/wp-content\/uploads\/2024\/02\/Muhlbach_-_Mairie.jpg","type":"image\/jpeg"}],"twitter_card":"summary_large_image","schema":{"@context":"https:\/\/schema.org","@graph":[{"@type":"WebPage","@id":"https:\/\/gites.vallee-munster.alsace\/index.php\/location-2\/","url":"https:\/\/gites.vallee-munster.alsace\/index.php\/location-2\/","name":"Mulhbach sur Munster - Gite de la Vall\u00e9e de Munster","isPartOf":{"@id":"https:\/\/gites.vallee-munster.alsace\/#website"},"primaryImageOfPage":{"@id":"https:\/\/gites.vallee-munster.alsace\/index.php\/location-2\/#primaryimage"},"image":{"@id":"https:\/\/gites.vallee-munster.alsace\/index.php\/location-2\/#primaryimage"},"thumbnailUrl":"https:\/\/gites.vallee-munster.alsace\/wp-content\/uploads\/2024\/02\/Muhlbach_-_Mairie.jpg","datePublished":"2024-02-17T17:50:45+00:00","dateModified":"2024-02-24T16:47:08+00:00","breadcrumb":{"@id":"https:\/\/gites.vallee-munster.alsace\/index.php\/location-2\/#breadcrumb"},"inLanguage":"fr-FR","potentialAction":[{"@type":"ReadAction","target":["https:\/\/gites.vallee-munster.alsace\/index.php\/location-2\/"]}]},{"@type":"ImageObject","inLanguage":"fr-FR","@id":"https:\/\/gites.vallee-munster.alsace\/index.php\/location-2\/#primaryimage","url":"https:\/\/gites.vallee-munster.alsace\/wp-content\/uploads\/2024\/02\/Muhlbach_-_Mairie.jpg","contentUrl":"https:\/\/gites.vallee-munster.alsace\/wp-content\/uploads\/2024\/02\/Muhlbach_-_Mairie.jpg","width":1786,"height":1197},{"@type":"BreadcrumbList","@id":"https:\/\/gites.vallee-munster.alsace\/index.php\/location-2\/#breadcrumb","itemListElement":[{"@type":"ListItem","position":1,"name":"Accueil","item":"https:\/\/gites.vallee-munster.alsace\/"},{"@type":"ListItem","position":2,"name":"Mulhbach sur Munster"}]},{"@type":"WebSite","@id":"https:\/\/gites.vallee-munster.alsace\/#website","url":"https:\/\/gites.vallee-munster.alsace\/","name":"Gite de la Vall\u00e9e de Munster","description":"Votre chez-soi loin de chez vous","publisher":{"@id":"https:\/\/gites.vallee-munster.alsace\/#organization"},"potentialAction":[{"@type":"SearchAction","target":{"@type":"EntryPoint","urlTemplate":"https:\/\/gites.vallee-munster.alsace\/?s={search_term_string}"},"query-input":{"@type":"PropertyValueSpecification","valueRequired":true,"valueName":"search_term_string"}}],"inLanguage":"fr-FR"},{"@type":"Organization","@id":"https:\/\/gites.vallee-munster.alsace\/#organization","name":"Gite de la Vall\u00e9e de Munster","url":"https:\/\/gites.vallee-munster.alsace\/","logo":{"@type":"ImageObject","inLanguage":"fr-FR","@id":"https:\/\/gites.vallee-munster.alsace\/#\/schema\/logo\/image\/","url":"https:\/\/gites.vallee-munster.alsace\/wp-content\/uploads\/2024\/02\/LOGO-GITE.png","contentUrl":"https:\/\/gites.vallee-munster.alsace\/wp-content\/uploads\/2024\/02\/LOGO-GITE.png","width":160,"height":90,"caption":"Gite de la Vall\u00e9e de Munster"},"image":{"@id":"https:\/\/gites.vallee-munster.alsace\/#\/schema\/logo\/image\/"}}]}},"_links":{"self":[{"href":"https:\/\/gites.vallee-munster.alsace\/index.php\/wp-json\/wp\/v2\/pages\/206","targetHints":{"allow":["GET"]}}],"collection":[{"href":"https:\/\/gites.vallee-munster.alsace\/index.php\/wp-json\/wp\/v2\/pages"}],"about":[{"href":"https:\/\/gites.vallee-munster.alsace\/index.php\/wp-json\/wp\/v2\/types\/page"}],"author":[{"embeddable":true,"href":"https:\/\/gites.vallee-munster.alsace\/index.php\/wp-json\/wp\/v2\/users\/1"}],"replies":[{"embeddable":true,"href":"https:\/\/gites.vallee-munster.alsace\/index.php\/wp-json\/wp\/v2\/comments?post=206"}],"version-history":[{"count":1,"href":"https:\/\/gites.vallee-munster.alsace\/index.php\/wp-json\/wp\/v2\/pages\/206\/revisions"}],"predecessor-version":[{"id":669,"href":"https:\/\/gites.vallee-munster.alsace\/index.php\/wp-json\/wp\/v2\/pages\/206\/revisions\/669"}],"wp:featuredmedia":[{"embeddable":true,"href":"https:\/\/gites.vallee-munster.alsace\/index.php\/wp-json\/wp\/v2\/media\/668"}],"wp:attachment":[{"href":"https:\/\/gites.vallee-munster.alsace\/index.php\/wp-json\/wp\/v2\/media?parent=206"}],"curies":[{"name":"wp","href":"https:\/\/api.w.org\/{rel}","templated":true}]}}