{"id":101,"date":"2024-02-17T17:50:45","date_gmt":"2024-02-17T17:50:45","guid":{"rendered":"https:\/\/gites.vallee-munster.alsace\/?page_id=101"},"modified":"2024-03-28T09:10:47","modified_gmt":"2024-03-28T08:10:47","slug":"home","status":"publish","type":"page","link":"https:\/\/gites.vallee-munster.alsace\/","title":{"rendered":"Accueil"},"content":{"rendered":"","protected":false},"excerpt":{"rendered":"","protected":false},"author":1,"featured_media":0,"parent":0,"menu_order":0,"comment_status":"open","ping_status":"open","template":"","meta":{"footnotes":""},"class_list":["post-101","page","type-page","status-publish","hentry"],"yoast_head":"<!-- This site is optimized with the Yoast SEO plugin v27.0 - https:\/\/yoast.com\/product\/yoast-seo-wordpress\/ -->\n<title>H\u00e9bergement gites dans la vall\u00e9e de Munster : d\u00e9couvrez le charme de l&#039;Alsace - Gite de la Vall\u00e9e de Munster<\/title>\n<meta name=\"description\" content=\"D\u00e9couvrez nos h\u00e9bergements de g\u00eetes dans la vall\u00e9e de Munster. Profitez d&#039;un s\u00e9jour agr\u00e9able et reposant au c\u0153ur de la nature.\" \/>\n<meta name=\"robots\" content=\"index, follow, max-snippet:-1, max-image-preview:large, max-video-preview:-1\" \/>\n<link rel=\"canonical\" href=\"https:\/\/gites.vallee-munster.alsace\/\" \/>\n<meta property=\"og:locale\" content=\"fr_FR\" \/>\n<meta property=\"og:type\" content=\"article\" \/>\n<meta property=\"og:title\" content=\"H\u00e9bergement gites dans la vall\u00e9e de Munster : d\u00e9couvrez le charme de l&#039;Alsace - Gite de la Vall\u00e9e de Munster\" \/>\n<meta property=\"og:description\" content=\"D\u00e9couvrez nos h\u00e9bergements de g\u00eetes dans la vall\u00e9e de Munster. Profitez d&#039;un s\u00e9jour agr\u00e9able et reposant au c\u0153ur de la nature.\" \/>\n<meta property=\"og:url\" content=\"https:\/\/gites.vallee-munster.alsace\/\" \/>\n<meta property=\"og:site_name\" content=\"Gite de la Vall\u00e9e de Munster\" \/>\n<meta property=\"article:modified_time\" content=\"2024-03-28T08:10:47+00:00\" \/>\n<meta name=\"twitter:card\" content=\"summary_large_image\" \/>\n<script type=\"application\/ld+json\" class=\"yoast-schema-graph\">{\"@context\":\"https:\/\/schema.org\",\"@graph\":[{\"@type\":\"WebPage\",\"@id\":\"https:\/\/gites.vallee-munster.alsace\/\",\"url\":\"https:\/\/gites.vallee-munster.alsace\/\",\"name\":\"H\u00e9bergement gites dans la vall\u00e9e de Munster : d\u00e9couvrez le charme de l'Alsace - Gite de la Vall\u00e9e de Munster\",\"isPartOf\":{\"@id\":\"https:\/\/gites.vallee-munster.alsace\/#website\"},\"datePublished\":\"2024-02-17T17:50:45+00:00\",\"dateModified\":\"2024-03-28T08:10:47+00:00\",\"description\":\"D\u00e9couvrez nos h\u00e9bergements de g\u00eetes dans la vall\u00e9e de Munster. Profitez d'un s\u00e9jour agr\u00e9able et reposant au c\u0153ur de la nature.\",\"breadcrumb\":{\"@id\":\"https:\/\/gites.vallee-munster.alsace\/#breadcrumb\"},\"inLanguage\":\"fr-FR\",\"potentialAction\":[{\"@type\":\"ReadAction\",\"target\":[\"https:\/\/gites.vallee-munster.alsace\/\"]}]},{\"@type\":\"BreadcrumbList\",\"@id\":\"https:\/\/gites.vallee-munster.alsace\/#breadcrumb\",\"itemListElement\":[{\"@type\":\"ListItem\",\"position\":1,\"name\":\"Accueil\",\"item\":\"https:\/\/gites.vallee-munster.alsace\/\"},{\"@type\":\"ListItem\",\"position\":2,\"name\":\"Accueil\"}]},{\"@type\":\"WebSite\",\"@id\":\"https:\/\/gites.vallee-munster.alsace\/#website\",\"url\":\"https:\/\/gites.vallee-munster.alsace\/\",\"name\":\"Gite de la Vall\u00e9e de Munster\",\"description\":\"Votre chez-soi loin de chez vous\",\"publisher\":{\"@id\":\"https:\/\/gites.vallee-munster.alsace\/#organization\"},\"potentialAction\":[{\"@type\":\"SearchAction\",\"target\":{\"@type\":\"EntryPoint\",\"urlTemplate\":\"https:\/\/gites.vallee-munster.alsace\/?s={search_term_string}\"},\"query-input\":{\"@type\":\"PropertyValueSpecification\",\"valueRequired\":true,\"valueName\":\"search_term_string\"}}],\"inLanguage\":\"fr-FR\"},{\"@type\":\"Organization\",\"@id\":\"https:\/\/gites.vallee-munster.alsace\/#organization\",\"name\":\"Gite de la Vall\u00e9e de Munster\",\"url\":\"https:\/\/gites.vallee-munster.alsace\/\",\"logo\":{\"@type\":\"ImageObject\",\"inLanguage\":\"fr-FR\",\"@id\":\"https:\/\/gites.vallee-munster.alsace\/#\/schema\/logo\/image\/\",\"url\":\"https:\/\/gites.vallee-munster.alsace\/wp-content\/uploads\/2024\/02\/LOGO-GITE.png\",\"contentUrl\":\"https:\/\/gites.vallee-munster.alsace\/wp-content\/uploads\/2024\/02\/LOGO-GITE.png\",\"width\":160,\"height\":90,\"caption\":\"Gite de la Vall\u00e9e de Munster\"},\"image\":{\"@id\":\"https:\/\/gites.vallee-munster.alsace\/#\/schema\/logo\/image\/\"}}]}<\/script>\n<!-- \/ Yoast SEO plugin. -->","yoast_head_json":{"title":"H\u00e9bergement gites dans la vall\u00e9e de Munster : d\u00e9couvrez le charme de l'Alsace - Gite de la Vall\u00e9e de Munster","description":"D\u00e9couvrez nos h\u00e9bergements de g\u00eetes dans la vall\u00e9e de Munster. Profitez d'un s\u00e9jour agr\u00e9able et reposant au c\u0153ur de la nature.","robots":{"index":"index","follow":"follow","max-snippet":"max-snippet:-1","max-image-preview":"max-image-preview:large","max-video-preview":"max-video-preview:-1"},"canonical":"https:\/\/gites.vallee-munster.alsace\/","og_locale":"fr_FR","og_type":"article","og_title":"H\u00e9bergement gites dans la vall\u00e9e de Munster : d\u00e9couvrez le charme de l'Alsace - Gite de la Vall\u00e9e de Munster","og_description":"D\u00e9couvrez nos h\u00e9bergements de g\u00eetes dans la vall\u00e9e de Munster. Profitez d'un s\u00e9jour agr\u00e9able et reposant au c\u0153ur de la nature.","og_url":"https:\/\/gites.vallee-munster.alsace\/","og_site_name":"Gite de la Vall\u00e9e de Munster","article_modified_time":"2024-03-28T08:10:47+00:00","twitter_card":"summary_large_image","schema":{"@context":"https:\/\/schema.org","@graph":[{"@type":"WebPage","@id":"https:\/\/gites.vallee-munster.alsace\/","url":"https:\/\/gites.vallee-munster.alsace\/","name":"H\u00e9bergement gites dans la vall\u00e9e de Munster : d\u00e9couvrez le charme de l'Alsace - Gite de la Vall\u00e9e de Munster","isPartOf":{"@id":"https:\/\/gites.vallee-munster.alsace\/#website"},"datePublished":"2024-02-17T17:50:45+00:00","dateModified":"2024-03-28T08:10:47+00:00","description":"D\u00e9couvrez nos h\u00e9bergements de g\u00eetes dans la vall\u00e9e de Munster. Profitez d'un s\u00e9jour agr\u00e9able et reposant au c\u0153ur de la nature.","breadcrumb":{"@id":"https:\/\/gites.vallee-munster.alsace\/#breadcrumb"},"inLanguage":"fr-FR","potentialAction":[{"@type":"ReadAction","target":["https:\/\/gites.vallee-munster.alsace\/"]}]},{"@type":"BreadcrumbList","@id":"https:\/\/gites.vallee-munster.alsace\/#breadcrumb","itemListElement":[{"@type":"ListItem","position":1,"name":"Accueil","item":"https:\/\/gites.vallee-munster.alsace\/"},{"@type":"ListItem","position":2,"name":"Accueil"}]},{"@type":"WebSite","@id":"https:\/\/gites.vallee-munster.alsace\/#website","url":"https:\/\/gites.vallee-munster.alsace\/","name":"Gite de la Vall\u00e9e de Munster","description":"Votre chez-soi loin de chez vous","publisher":{"@id":"https:\/\/gites.vallee-munster.alsace\/#organization"},"potentialAction":[{"@type":"SearchAction","target":{"@type":"EntryPoint","urlTemplate":"https:\/\/gites.vallee-munster.alsace\/?s={search_term_string}"},"query-input":{"@type":"PropertyValueSpecification","valueRequired":true,"valueName":"search_term_string"}}],"inLanguage":"fr-FR"},{"@type":"Organization","@id":"https:\/\/gites.vallee-munster.alsace\/#organization","name":"Gite de la Vall\u00e9e de Munster","url":"https:\/\/gites.vallee-munster.alsace\/","logo":{"@type":"ImageObject","inLanguage":"fr-FR","@id":"https:\/\/gites.vallee-munster.alsace\/#\/schema\/logo\/image\/","url":"https:\/\/gites.vallee-munster.alsace\/wp-content\/uploads\/2024\/02\/LOGO-GITE.png","contentUrl":"https:\/\/gites.vallee-munster.alsace\/wp-content\/uploads\/2024\/02\/LOGO-GITE.png","width":160,"height":90,"caption":"Gite de la Vall\u00e9e de Munster"},"image":{"@id":"https:\/\/gites.vallee-munster.alsace\/#\/schema\/logo\/image\/"}}]}},"_links":{"self":[{"href":"https:\/\/gites.vallee-munster.alsace\/index.php\/wp-json\/wp\/v2\/pages\/101","targetHints":{"allow":["GET"]}}],"collection":[{"href":"https:\/\/gites.vallee-munster.alsace\/index.php\/wp-json\/wp\/v2\/pages"}],"about":[{"href":"https:\/\/gites.vallee-munster.alsace\/index.php\/wp-json\/wp\/v2\/types\/page"}],"author":[{"embeddable":true,"href":"https:\/\/gites.vallee-munster.alsace\/index.php\/wp-json\/wp\/v2\/users\/1"}],"replies":[{"embeddable":true,"href":"https:\/\/gites.vallee-munster.alsace\/index.php\/wp-json\/wp\/v2\/comments?post=101"}],"version-history":[{"count":1,"href":"https:\/\/gites.vallee-munster.alsace\/index.php\/wp-json\/wp\/v2\/pages\/101\/revisions"}],"predecessor-version":[{"id":631,"href":"https:\/\/gites.vallee-munster.alsace\/index.php\/wp-json\/wp\/v2\/pages\/101\/revisions\/631"}],"wp:attachment":[{"href":"https:\/\/gites.vallee-munster.alsace\/index.php\/wp-json\/wp\/v2\/media?parent=101"}],"curies":[{"name":"wp","href":"https:\/\/api.w.org\/{rel}","templated":true}]}}